{"id":1283,"date":"2023-09-08T09:48:00","date_gmt":"2023-09-08T07:48:00","guid":{"rendered":"https:\/\/derschmiedhof.de\/?page_id=1283"},"modified":"2024-12-04T15:03:51","modified_gmt":"2024-12-04T14:03:51","slug":"agbs","status":"publish","type":"page","link":"https:\/\/derschmiedhof.de\/de\/agbs\/","title":{"rendered":"AGBs"},"content":{"rendered":"\n<div class=\"row\"  id=\"row-2040356490\">\n\n\n\t<div id=\"col-116593187\" class=\"col small-12 large-12\"  >\n\t\t\t\t<div class=\"col-inner\"  >\n\t\t\t\n\t\t\t\n\n\t<div id=\"gap-1068911197\" class=\"gap-element clearfix\" style=\"display:block; height:auto;\">\n\t\t\n<style>\n#gap-1068911197 {\n  padding-top: 47px;\n}\n<\/style>\n\t<\/div>\n\t\n\n<p><strong>Zustandekommen eines Gastaufnahmevertrages<\/strong><\/p>\n<p>Der Gastaufnahmevertrag ist abgeschlossen, sobald das Ferienobjekt bestellt und zugesagt oder &#8211; falls eine Zusage aus Zeitgr\u00fcnden nicht mehr m\u00f6glich war &#8211; bereitgestellt worden ist.<br>Der Abschluss des Gastaufnahmevertrages verpflichtet die Vertragspartner zur Erf\u00fcllung des Vertrages, gleichg\u00fcltig, auf welche Dauer der Vertrag abgeschlossen ist.<br>Der Gast ist verpflichtet, bei Nichtinanspruchnahme der vertraglichen Leistungen den vereinbarten oder betriebs\u00fcblichen Preis zu zahlen, abz\u00fcglich der vom Vermieter ersparten Aufwendungen (zum Beispiel Endreinigung).<br>Der Vermieter ist nach Treu und Glauben gehalten, das nicht in Anspruch genommenen Ferienobjekt nach M\u00f6glichkeit anderweitig zu vergeben, um Ausf\u00e4lle zu vermeiden. Bis zur anderweitigen Vergabe des Ferienobjektes hat der Gast f\u00fcr die Dauer des Vertrages den errechneten Betrag zu bezahlen.<\/p>\n<p><strong>An- und Abreise<br><\/strong><\/p>\n<p>Das Ferienobjekt steht ab 15:00 Uhr zur Verf\u00fcgung. Die Abreise muss bis sp\u00e4testens 10:00 Uhr erfolgen. Andere An- und Abreisezeiten k\u00f6nnen in Ausnahmef\u00e4llen erfragt werden.<br>Sollte der Mieter am Anreisetag bis 24 Uhr nicht erscheinen, gilt der Vertrag nach einer Frist von 48 Stunden ohne Benachrichtigung an den Vermieter als gek\u00fcndigt.<br>Der Vermieter kann \u00fcber das Objekt frei verf\u00fcgen. Eine anteilige R\u00fcckzahlung der Miete aufgrund verfr\u00fchten Abreise erfolgt grunds\u00e4tzlich nicht. An und Abreisetag gelten als ein Tag.<\/p>\n<p><strong>Einlass in die Unterkunft<\/strong><\/p>\n<p>Der Schl\u00fcssel befindet sich in einem Schl\u00fcssel-Safe am Haupteingang. Der PIN wird drei Tage vor Anreise per Mail mitgeteilt. Nach Eingabe des Codes f\u00e4llt der Schl\u00fcssel in ein Ausgabefach. Bei der Abreise ist der Schl\u00fcssel unbedingt in den Einwurfschacht des Schl\u00fcssel-Safes zu geben. Der Mieter haftet bei Verlust des Schl\u00fcssels, denn er ist verpflichtet, nach Beendigung des Mietverh\u00e4ltnisses das Ferienobjekt inklusive des Schl\u00fcssels zu \u00fcbergeben.<\/p>\n<p><strong>Bezahlung<\/strong><\/p>\n<p>Der Mietvertrag erh\u00e4lt mit Eingang der Zahlung auf das Konto des Eigent\u00fcmers seine G\u00fcltigkeit. 30 Tage vor Reiseantritt ist die Zahlung des Betrages f\u00e4llig.<br>Die Nichtzahlung gilt als R\u00fccktritt und berechtigt zur Neuvermietung.<br>Nebenkosten f\u00fcr Wasser, Strom, Heizung, Pkw- Stellplatz und Abfallbeseitigung werden nicht erhoben.<br>Eine Best\u00e4tigung des Zahlungseingangs durch den Vermieter erfolgt nicht.<\/p>\n<p><strong>R\u00fccktritt<\/strong><\/p>\n<p>Sie k\u00f6nnen jederzeit vom Vertrag zur\u00fccktreten. Der R\u00fccktritt muss schriftlich erfolgen. Ein R\u00fccktritt bis 30 Tage vor Mietbeginn ist kostenfrei. Nach diesem Zeitpunkt wird der komplette Mietpreis f\u00e4llig. Der Abschluss einer Reiser\u00fccktrittsversicherung obliegt allein dem Mieter. Eine Ersatzperson, die zu genannten Bedingungen in den Vertrag eintritt, kann benannt werden eine schriftliche Benachrichtigung gen\u00fcgt hierf\u00fcr.<\/p>\n<p><strong>Pflichten des Mieters<\/strong><\/p>\n<p>Der Mieter verpflichtet sich, die gemieteten Sachen (Wohnung, Inventar, Au\u00dfenanlagen) pfleglich zu behandeln.<br>Wenn w\u00e4hrend des Mietverh\u00e4ltnisses Sch\u00e4den am Ferienobjekt und\/ oder dessen Inventar auftreten ist der Vermieter verpflichtet, dies unverz\u00fcglich beim Vermieter anzuzeigen. Bereits bei der Ankunft festgestellte M\u00e4ngel und Sch\u00e4den m\u00fcssen sofort bei dem Vermieter gemeldet werden, ansonsten haftet der Mieter f\u00fcr diese Sch\u00e4den. Zur Beseitigung von Sch\u00e4den und M\u00e4ngeln ist eine angemessene Frist einzur\u00e4umen. Anspr\u00fcche aus Beanstandungen, die nicht unverz\u00fcglich vor Ort gemeldet werden, sind ausgeschlossen.<br>Reklamationen, die erst am Ende des Aufenthaltes beziehungsweise nach Verlassen der Ferienwohnung beim Vermieter eingehen, sind ebenfalls vom Schadensersatz ausgeschlossen. Bei eventuell auftretenden Leistungsst\u00f6rungen ist der Mieter verpflichtet, alles im Rahmen seiner gesetzlichen Verpflichtung Zumutbare zu tun, um zu einer Behebung der St\u00f6rung beizutragen und eventuell entstandenen Schaden gering zu halten. Die Wohnung ist w\u00e4hrend des Ferienaufenthaltes von Mieter sauber zu halten und in einem aufger\u00e4umten Zustand zu \u00fcberlassen. Eine Endreinigung wird vom Vermieter durchgef\u00fchrt.<br>Am Abreisetag sind vom Mieter pers\u00f6nliche Gegenst\u00e4nde zu entfernen, das Geschirr zu waschen und der Hausm\u00fcll, Papier sowie der Biom\u00fcll sind ordnungsgem\u00e4\u00df in die daf\u00fcr vorgesehenen Beh\u00e4lter im M\u00fcllhaus zu entsorgen. Glas und andere Wertstoffe k\u00f6nnen in den Wertstoffh\u00f6fen der Umgebung entsorgt werden. (Eine entsprechende Liste mit den \u00d6ffnungszeiten liegt aus)<\/p>\n<p>Sollten Sie keinen Online Check-In gew\u00e4hlt haben, f\u00fcllen Sie den Meldeschein f\u00fcr Beherbergungsbetriebe bitte am Tag Ihrer Ankunft aus. Erst danach kann die Ausgabe der G\u00e4stekarten erfolgen. Diese sind vor der Abreise zusammen mit dem Schl\u00fcssel beim Vermieter abzugegeben.<\/p>\n<p><strong>Ausstattung<\/strong><\/p>\n<p>Bettw\u00e4sche sowie Hand-, Geschirr- und Badet\u00fccher sind im Mietpreis enthalten, ebenso ein F\u00f6hn.<br>S\u00e4mtliche \u00fcblichen Haushaltsger\u00e4te sind vorhanden, nur eine Mikrowelle fehlt. Hochst\u00fchle k\u00f6nnen gerne nach Verf\u00fcgbarkeit vorbestellt werden. Weitere Ausstattungsdetails der Ferienwohnungen k\u00f6nnen der Homepage entnommen werden.<\/p>\n<p><strong>Haustiere<\/strong><\/p>\n<p>Haustiere d\u00fcrfen nur in Absprache mit dem Vermieter und gegen Geb\u00fchr mitgebracht werden. Aus R\u00fccksicht auf nachfolgende G\u00e4ste d\u00fcrfen Hunde nicht ins Bett, nicht auf das Sofa oder auf den Sessel. Der Hundekot im Garten und um das Ferienobjekt herum ist einzusammeln. Ebenso bitten wir Sie darum, die Hinterlassenschaften ihres Vierbeiners auch auf ihrer Gassirunde im Ort einzusammeln. Entsprechende Abfallbeh\u00e4lter und Servicestationen stehen zur Verf\u00fcgung.<br>Den erh\u00f6hten Mehraufwand an Reinigungskosten stellen wir mit 10,- \u20ac\/Hund und Tag in Rechnung.<\/p>\n<p><strong>Datenschutz<\/strong><\/p>\n<p>Der Mieter erkl\u00e4rt sich damit einverstanden, dass im Rahmen des mit Ihm abgeschlossenen Vertrages notwendige Daten \u00fcber seine Person gespeichert, ge\u00e4ndert und oder gel\u00f6scht werden. Alle pers\u00f6nlichen Daten werden absolut vertraulich behandelt.<\/p>\n<p><strong>Haftung<\/strong><\/p>\n<p>Die Ausschreibung ist nach bestem Wissen erstellt worden. F\u00fcr eine Beeinflussung des Mietobjektes durch h\u00f6here Gewalt, durch landes\u00fcbliche Strom und Wasserausf\u00e4lle und Unwetter wird nicht gehaftet. Ebenso wird nicht gehaftet bei Eintritt unvorhersehbarer oder unvermeidbarer Umst\u00e4nde wie z. B. beh\u00f6rdlicher Anordnung, einer pl\u00f6tzlichen Baustelle oder f\u00fcr St\u00f6rungen durch naturbedingte und \u00f6rtliche Begebenheiten.<br>Der Vermieter ist aber gern bei der Behebung der St\u00f6rung behilflich, damit der Aufenthalt nicht in Mitleidenschaft gezogen wird.<br>Die An-und Abreise des Mieters erfolgt in eigener Verantwortung und Haftung. Der Eigent\u00fcmer haftet nicht f\u00fcr pers\u00f6nliche Gegenst\u00e4nde bei Diebstahl oder Feuer. F\u00fcr mutwillige Zerst\u00f6rungen beziehungsweise Sch\u00e4den haftet der Mieter in vollem Umfang.<\/p>\n<p><strong>Schlussbestimmungen<\/strong><\/p>\n<p>Fotos und Texte auf der Website, Social Media bzw. im Flyer dienen der realistischen Beschreibung des Mietobjektes. Die 100% ige \u00dcbereinstimmung mit dem Mietobjekt kann nicht gew\u00e4hrleistet werden. Der Eigent\u00fcmer beh\u00e4lt sich \u00c4nderungen der Ausstattung zum Beispiel bei M\u00f6beln vor, sofern sie gleichwertig sind.<br>Sollten eine oder mehrere Bestimmungen dieser Gesch\u00e4ftsbedingungen unwirksam sein oder werden, ber\u00fchrt dies die Wirksamkeit der \u00fcblichen Bedingungen nicht. Die unwirksame Regelung ist durch eine wirksame zu ersetzen, die dem wirtschaftlichen und rechtlichen Willen der Vertragsparteien am N\u00e4chsten kommt.<\/p>\n<p>Es gilt deutsches Recht. Gerichtsstand und Erf\u00fcllungsort ist Bayrischzell.<br>Diese allgemeinen Gesch\u00e4ftsbedingungen sind Bestandteil des Mietvertrages und mit der Anzahlung anerkannt und auch ohne Unterschrift rechtsg\u00fcltig.<\/p>\n\n\t\t<\/div>\n\t\t\t\t\t<\/div>\n\n\t\n\n<\/div>\n","protected":false},"excerpt":{"rendered":"","protected":false},"author":1,"featured_media":0,"parent":0,"menu_order":0,"comment_status":"closed","ping_status":"closed","template":"page-blank.php","meta":{"_acf_changed":false,"footnotes":""},"class_list":["post-1283","page","type-page","status-publish","hentry"],"acf":[],"_links":{"self":[{"href":"https:\/\/derschmiedhof.de\/de\/wp-json\/wp\/v2\/pages\/1283","targetHints":{"allow":["GET"]}}],"collection":[{"href":"https:\/\/derschmiedhof.de\/de\/wp-json\/wp\/v2\/pages"}],"about":[{"href":"https:\/\/derschmiedhof.de\/de\/wp-json\/wp\/v2\/types\/page"}],"author":[{"embeddable":true,"href":"https:\/\/derschmiedhof.de\/de\/wp-json\/wp\/v2\/users\/1"}],"replies":[{"embeddable":true,"href":"https:\/\/derschmiedhof.de\/de\/wp-json\/wp\/v2\/comments?post=1283"}],"version-history":[{"count":0,"href":"https:\/\/derschmiedhof.de\/de\/wp-json\/wp\/v2\/pages\/1283\/revisions"}],"wp:attachment":[{"href":"https:\/\/derschmiedhof.de\/de\/wp-json\/wp\/v2\/media?parent=1283"}],"curies":[{"name":"wp","href":"https:\/\/api.w.org\/{rel}","templated":true}]}}