{"id":2303,"date":"2026-02-24T11:15:53","date_gmt":"2026-02-24T10:15:53","guid":{"rendered":"https:\/\/derschmiedhof.de\/?page_id=2303"},"modified":"2026-02-24T15:59:42","modified_gmt":"2026-02-24T14:59:42","slug":"shop","status":"publish","type":"page","link":"https:\/\/derschmiedhof.de\/de\/shop\/","title":{"rendered":"shop"},"content":{"rendered":"\n\n  <div class=\"banner has-hover\" id=\"banner-1940397893\">\n          <div class=\"banner-inner fill\">\n        <div class=\"banner-bg fill\" >\n                                    <div class=\"overlay\"><\/div>            \n                    <\/div>\n\t\t\n        <div class=\"banner-layers container\">\n            <div class=\"fill banner-link\"><\/div>            \n\n   <div id=\"text-box-1397049428\" class=\"text-box banner-layer x50 md-x50 lg-x50 y50 md-y50 lg-y50 res-text\">\n                     <div data-animate=\"flipInY\">           <div class=\"text-box-content text dark\">\n              \n              <div class=\"text-inner text-center\">\n                  \n\n<h3 class=\"alt-font\">Unser<\/h3>\n<div class=\"is-divider divider clearfix\" style=\"margin-top:3px;margin-bottom:3px;\"><\/div>\n\n<h1 class=\"h-large uppercase\"><span style=\"font-size: 160%;\"><strong>Br\u00f6tchen Service<\/strong><\/span><\/h1>\n<h3 class=\"uppercase\"><span style=\"font-size: 100%;\">Bitte bis 20 Uhr besTellen<\/span><\/h3>\n<div class=\"is-divider divider clearfix\" ><\/div>\n\n\n              <\/div>\n           <\/div>\n       <\/div>                     \n<style>\n#text-box-1397049428 {\n  width: 100%;\n}\n#text-box-1397049428 .text-box-content {\n  font-size: 100%;\n}\n@media (min-width:550px) {\n  #text-box-1397049428 {\n    width: 70%;\n  }\n}\n<\/style>\n    <\/div>\n \n\n        <\/div>\n      <\/div>\n\n            \n<style>\n#banner-1940397893 {\n  padding-top: 474px;\n}\n#banner-1940397893 .overlay {\n  background-color: rgba(0, 0, 0, 0.02);\n}\n#banner-1940397893 .banner-bg img {\n  object-position: 58% 63%;\n}\n<\/style>\n  <\/div>\n\n\n\t<div id=\"gap-1029973446\" class=\"gap-element clearfix\" style=\"display:block; height:auto;\">\n\t\t\n<style>\n#gap-1029973446 {\n  padding-top: 123px;\n}\n<\/style>\n\t<\/div>\n\t\n\n\t\n  \n    <div class=\"row large-columns-4 medium-columns-3 small-columns-2 row-small slider row-slider slider-nav-reveal slider-nav-push\"  data-flickity-options='{&quot;imagesLoaded&quot;: true, &quot;groupCells&quot;: &quot;100%&quot;, &quot;dragThreshold&quot; : 5, &quot;cellAlign&quot;: &quot;left&quot;,&quot;wrapAround&quot;: true,&quot;prevNextButtons&quot;: true,&quot;percentPosition&quot;: true,&quot;pageDots&quot;: false, &quot;rightToLeft&quot;: false, &quot;autoPlay&quot; : false}' >\n\n  <\/div>\n\n<div class=\"row align-center row-divided\"  id=\"row-1336936727\">\n\n\n\t<div id=\"col-1236015609\" class=\"col small-12 large-12\"  >\n\t\t\t\t<div class=\"col-inner\"  >\n\t\t\t\n\t\t\t\n\n<p style=\"text-align: center;\"><span style=\"font-size: 110%;\">Bestellen Sie bitte ihre Fr\u00fchst\u00fcckbr\u00f6tchen f\u00fcr den n\u00e4chten Tag bis 20 Uhr.<\/span><br \/><span style=\"font-size: 110%;\">Diese werden ihnen an n\u00e4chsten Tag um ca. 8 Uhr auf die Gartenbank vor unseren Ferienwohnungen geliefert.<\/span><\/p>\n<p style=\"text-align: center;\"><span style=\"font-size: 110%;\">Vielen Dank<\/span><\/p>\n\n\t\t<\/div>\n\t\t\t\t\t<\/div>\n\n\t\n\n<\/div>\n\t\n  \n    <div class=\"row large-columns-5 medium-columns-3 small-columns-2 row-small\" >\n  \n\t     <div class=\"col\" >\n\t\t\t\t\t\t<div class=\"col-inner\">\n\t\t\t\t\t\t\n<div class=\"badge-container absolute left top z-1\">\n\n<\/div>\n\t\t\t\t\t\t<div class=\"product-small box has-hover box-normal box-text-bottom\">\n\t\t\t\t\t\t\t<div class=\"box-image\" style=\"width:61%;\">\n\t\t\t\t\t\t\t\t<div class=\"\" >\n\t\t\t\t\t\t\t\t\t<a href=\"https:\/\/derschmiedhof.de\/de\/product\/osaka-entry-tee-superdry\/\" aria-label=\"Br\u00f6tchen\">\n\t\t\t\t\t\t\t\t\t\t<img loading=\"lazy\" decoding=\"async\" width=\"400\" height=\"400\" src=\"https:\/\/derschmiedhof.de\/wp-content\/uploads\/woocommerce-placeholder-400x400.webp\" class=\"woocommerce-placeholder wp-post-image\" alt=\"Platzhalter\" srcset=\"https:\/\/derschmiedhof.de\/wp-content\/uploads\/woocommerce-placeholder-400x400.webp 400w, https:\/\/derschmiedhof.de\/wp-content\/uploads\/woocommerce-placeholder-800x800.webp 800w, https:\/\/derschmiedhof.de\/wp-content\/uploads\/woocommerce-placeholder-280x280.webp 280w, https:\/\/derschmiedhof.de\/wp-content\/uploads\/woocommerce-placeholder-768x768.webp 768w, https:\/\/derschmiedhof.de\/wp-content\/uploads\/woocommerce-placeholder.webp 1200w\" sizes=\"auto, (max-width: 400px) 100vw, 400px\" \/>\t\t\t\t\t\t\t\t\t<\/a>\n\t\t\t\t\t\t\t\t\t\t\t\t\t\t\t\t\t\t \t\t\t\t\t\t\t\t<\/div>\n\t\t\t\t\t\t\t\t<div class=\"image-tools top right show-on-hover\">\n\t\t\t\t\t\t\t\t\t\t\t\t\t\t\t\t\t<\/div>\n\t\t\t\t\t\t\t\t\t\t\t\t\t\t\t\t\t<div class=\"image-tools grid-tools text-center hide-for-small bottom hover-slide-in show-on-hover\">\n\t\t\t\t\t\t\t\t\t\t\t\t\t\t\t\t\t\t\t<\/div>\n\t\t\t\t\t\t\t\t\t\t\t\t\t\t\t\t\t\t\t\t\t\t\t<\/div>\n\n\t\t\t\t\t\t\t<div class=\"box-text text-center is-large\" >\n\t\t\t\t\t\t\t\t<div class=\"title-wrapper\"><p class=\"name product-title woocommerce-loop-product__title\"><a href=\"https:\/\/derschmiedhof.de\/de\/product\/osaka-entry-tee-superdry\/\" class=\"woocommerce-LoopProduct-link woocommerce-loop-product__link\">Br\u00f6tchen<\/a><\/p><\/div><div class=\"price-wrapper\">\n\t<span class=\"price\"><span class=\"woocommerce-Price-amount amount\"><bdi><span class=\"woocommerce-Price-currencySymbol\">&euro;<\/span>0,85<\/bdi><\/span><\/span>\n<\/div>\t\t<p class=\"box-excerpt is-small\">\n\t\t\t\t\t<\/p>\n\t\t<div class=\"add-to-cart-button\"><a href=\"\/de\/wp-json\/wp\/v2\/pages\/2303?add-to-cart=166\" aria-describedby=\"woocommerce_loop_add_to_cart_link_describedby_166\" data-quantity=\"1\" class=\"primary is-small mb-0 button product_type_simple add_to_cart_button ajax_add_to_cart is-outline\" data-product_id=\"166\" data-product_sku=\"\" aria-label=\"In den Warenkorb legen: \u201eBr\u00f6tchen\u201c\" rel=\"nofollow\" data-success_message=\"\u201eBr\u00f6tchen\u201c wurde deinem Warenkorb hinzugef\u00fcgt\">In den Warenkorb<\/a><\/div>\t<span id=\"woocommerce_loop_add_to_cart_link_describedby_166\" class=\"screen-reader-text\">\n\t\t\t<\/span>\n\t\t\t\t\t\t\t<\/div>\n\t\t\t\t\t\t<\/div>\n\t\t\t\t\t\t<\/div>\n\t\t\t\t\t<\/div><div class=\"col\" >\n\t\t\t\t\t\t<div class=\"col-inner\">\n\t\t\t\t\t\t\n<div class=\"badge-container absolute left top z-1\">\n\n<\/div>\n\t\t\t\t\t\t<div class=\"product-small box has-hover box-normal box-text-bottom\">\n\t\t\t\t\t\t\t<div class=\"box-image\" style=\"width:61%;\">\n\t\t\t\t\t\t\t\t<div class=\"\" >\n\t\t\t\t\t\t\t\t\t<a href=\"https:\/\/derschmiedhof.de\/de\/product\/laugenstange\/\" aria-label=\"Laugenstange\">\n\t\t\t\t\t\t\t\t\t\t<img loading=\"lazy\" decoding=\"async\" width=\"482\" height=\"400\" src=\"https:\/\/derschmiedhof.de\/wp-content\/uploads\/2026\/02\/Bildschirmfoto-2026-02-24-um-14.55.10-482x400.png\" class=\"attachment-medium size-medium\" alt=\"Laugenstange\" srcset=\"https:\/\/derschmiedhof.de\/wp-content\/uploads\/2026\/02\/Bildschirmfoto-2026-02-24-um-14.55.10-482x400.png 482w, https:\/\/derschmiedhof.de\/wp-content\/uploads\/2026\/02\/Bildschirmfoto-2026-02-24-um-14.55.10-963x800.png 963w, https:\/\/derschmiedhof.de\/wp-content\/uploads\/2026\/02\/Bildschirmfoto-2026-02-24-um-14.55.10-768x638.png 768w, https:\/\/derschmiedhof.de\/wp-content\/uploads\/2026\/02\/Bildschirmfoto-2026-02-24-um-14.55.10-600x498.png 600w, https:\/\/derschmiedhof.de\/wp-content\/uploads\/2026\/02\/Bildschirmfoto-2026-02-24-um-14.55.10.png 1026w\" sizes=\"auto, (max-width: 482px) 100vw, 482px\" \/>\t\t\t\t\t\t\t\t\t<\/a>\n\t\t\t\t\t\t\t\t\t\t\t\t\t\t\t\t\t\t \t\t\t\t\t\t\t\t<\/div>\n\t\t\t\t\t\t\t\t<div class=\"image-tools top right show-on-hover\">\n\t\t\t\t\t\t\t\t\t\t\t\t\t\t\t\t\t<\/div>\n\t\t\t\t\t\t\t\t\t\t\t\t\t\t\t\t\t<div class=\"image-tools grid-tools text-center hide-for-small bottom hover-slide-in show-on-hover\">\n\t\t\t\t\t\t\t\t\t\t\t\t\t\t\t\t\t\t\t<\/div>\n\t\t\t\t\t\t\t\t\t\t\t\t\t\t\t\t\t\t\t\t\t\t\t<\/div>\n\n\t\t\t\t\t\t\t<div class=\"box-text text-center is-large\" >\n\t\t\t\t\t\t\t\t<div class=\"title-wrapper\"><p class=\"name product-title woocommerce-loop-product__title\"><a href=\"https:\/\/derschmiedhof.de\/de\/product\/laugenstange\/\" class=\"woocommerce-LoopProduct-link woocommerce-loop-product__link\">Laugenstange<\/a><\/p><\/div><div class=\"price-wrapper\">\n\t<span class=\"price\"><span class=\"woocommerce-Price-amount amount\"><bdi><span class=\"woocommerce-Price-currencySymbol\">&euro;<\/span>1,39<\/bdi><\/span><\/span>\n<\/div>\t\t<p class=\"box-excerpt is-small\">\n\t\t\t\t\t<\/p>\n\t\t<div class=\"add-to-cart-button\"><a href=\"\/de\/wp-json\/wp\/v2\/pages\/2303?add-to-cart=2295\" aria-describedby=\"woocommerce_loop_add_to_cart_link_describedby_2295\" data-quantity=\"1\" class=\"primary is-small mb-0 button product_type_simple add_to_cart_button ajax_add_to_cart is-outline\" data-product_id=\"2295\" data-product_sku=\"\" aria-label=\"In den Warenkorb legen: \u201eLaugenstange\u201c\" rel=\"nofollow\" data-success_message=\"\u201eLaugenstange\u201c wurde deinem Warenkorb hinzugef\u00fcgt\">In den Warenkorb<\/a><\/div>\t<span id=\"woocommerce_loop_add_to_cart_link_describedby_2295\" class=\"screen-reader-text\">\n\t\t\t<\/span>\n\t\t\t\t\t\t\t<\/div>\n\t\t\t\t\t\t<\/div>\n\t\t\t\t\t\t<\/div>\n\t\t\t\t\t<\/div><div class=\"col\" >\n\t\t\t\t\t\t<div class=\"col-inner\">\n\t\t\t\t\t\t\n<div class=\"badge-container absolute left top z-1\">\n\n<\/div>\n\t\t\t\t\t\t<div class=\"product-small box has-hover box-normal box-text-bottom\">\n\t\t\t\t\t\t\t<div class=\"box-image\" style=\"width:61%;\">\n\t\t\t\t\t\t\t\t<div class=\"\" >\n\t\t\t\t\t\t\t\t\t<a href=\"https:\/\/derschmiedhof.de\/de\/product\/croissant\/\" aria-label=\"Croissant\">\n\t\t\t\t\t\t\t\t\t\t<img loading=\"lazy\" decoding=\"async\" width=\"441\" height=\"400\" src=\"https:\/\/derschmiedhof.de\/wp-content\/uploads\/2026\/02\/Bildschirmfoto-2026-02-24-um-14.55.24-441x400.png\" class=\"attachment-medium size-medium\" alt=\"Croissant\" srcset=\"https:\/\/derschmiedhof.de\/wp-content\/uploads\/2026\/02\/Bildschirmfoto-2026-02-24-um-14.55.24-441x400.png 441w, https:\/\/derschmiedhof.de\/wp-content\/uploads\/2026\/02\/Bildschirmfoto-2026-02-24-um-14.55.24-882x800.png 882w, https:\/\/derschmiedhof.de\/wp-content\/uploads\/2026\/02\/Bildschirmfoto-2026-02-24-um-14.55.24-768x697.png 768w, https:\/\/derschmiedhof.de\/wp-content\/uploads\/2026\/02\/Bildschirmfoto-2026-02-24-um-14.55.24-600x544.png 600w, https:\/\/derschmiedhof.de\/wp-content\/uploads\/2026\/02\/Bildschirmfoto-2026-02-24-um-14.55.24.png 970w\" sizes=\"auto, (max-width: 441px) 100vw, 441px\" \/>\t\t\t\t\t\t\t\t\t<\/a>\n\t\t\t\t\t\t\t\t\t\t\t\t\t\t\t\t\t\t \t\t\t\t\t\t\t\t<\/div>\n\t\t\t\t\t\t\t\t<div class=\"image-tools top right show-on-hover\">\n\t\t\t\t\t\t\t\t\t\t\t\t\t\t\t\t\t<\/div>\n\t\t\t\t\t\t\t\t\t\t\t\t\t\t\t\t\t<div class=\"image-tools grid-tools text-center hide-for-small bottom hover-slide-in show-on-hover\">\n\t\t\t\t\t\t\t\t\t\t\t\t\t\t\t\t\t\t\t<\/div>\n\t\t\t\t\t\t\t\t\t\t\t\t\t\t\t\t\t\t\t\t\t\t\t<\/div>\n\n\t\t\t\t\t\t\t<div class=\"box-text text-center is-large\" >\n\t\t\t\t\t\t\t\t<div class=\"title-wrapper\"><p class=\"name product-title woocommerce-loop-product__title\"><a href=\"https:\/\/derschmiedhof.de\/de\/product\/croissant\/\" class=\"woocommerce-LoopProduct-link woocommerce-loop-product__link\">Croissant<\/a><\/p><\/div><div class=\"price-wrapper\">\n\t<span class=\"price\"><span class=\"woocommerce-Price-amount amount\"><bdi><span class=\"woocommerce-Price-currencySymbol\">&euro;<\/span>1,89<\/bdi><\/span><\/span>\n<\/div>\t\t<p class=\"box-excerpt is-small\">\n\t\t\t\t\t<\/p>\n\t\t<div class=\"add-to-cart-button\"><a href=\"\/de\/wp-json\/wp\/v2\/pages\/2303?add-to-cart=2294\" aria-describedby=\"woocommerce_loop_add_to_cart_link_describedby_2294\" data-quantity=\"1\" class=\"primary is-small mb-0 button product_type_simple add_to_cart_button ajax_add_to_cart is-outline\" data-product_id=\"2294\" data-product_sku=\"\" aria-label=\"In den Warenkorb legen: \u201eCroissant\u201c\" rel=\"nofollow\" data-success_message=\"\u201eCroissant\u201c wurde deinem Warenkorb hinzugef\u00fcgt\">In den Warenkorb<\/a><\/div>\t<span id=\"woocommerce_loop_add_to_cart_link_describedby_2294\" class=\"screen-reader-text\">\n\t\t\t<\/span>\n\t\t\t\t\t\t\t<\/div>\n\t\t\t\t\t\t<\/div>\n\t\t\t\t\t\t<\/div>\n\t\t\t\t\t<\/div><\/div>\n\n\t<div id=\"gap-362085958\" class=\"gap-element clearfix\" style=\"display:block; height:auto;\">\n\t\t\n<style>\n#gap-362085958 {\n  padding-top: 40px;\n}\n<\/style>\n\t<\/div>\n\t\n\n\t<div id=\"gap-458729973\" class=\"gap-element clearfix\" style=\"display:block; height:auto;\">\n\t\t\n<style>\n#gap-458729973 {\n  padding-top: 40px;\n}\n<\/style>\n\t<\/div>\n\t\n\n\n","protected":false},"excerpt":{"rendered":"","protected":false},"author":1,"featured_media":0,"parent":0,"menu_order":0,"comment_status":"closed","ping_status":"closed","template":"page-blank.php","meta":{"_acf_changed":false,"footnotes":""},"class_list":["post-2303","page","type-page","status-publish","hentry"],"acf":[],"_links":{"self":[{"href":"https:\/\/derschmiedhof.de\/de\/wp-json\/wp\/v2\/pages\/2303","targetHints":{"allow":["GET"]}}],"collection":[{"href":"https:\/\/derschmiedhof.de\/de\/wp-json\/wp\/v2\/pages"}],"about":[{"href":"https:\/\/derschmiedhof.de\/de\/wp-json\/wp\/v2\/types\/page"}],"author":[{"embeddable":true,"href":"https:\/\/derschmiedhof.de\/de\/wp-json\/wp\/v2\/users\/1"}],"replies":[{"embeddable":true,"href":"https:\/\/derschmiedhof.de\/de\/wp-json\/wp\/v2\/comments?post=2303"}],"version-history":[{"count":3,"href":"https:\/\/derschmiedhof.de\/de\/wp-json\/wp\/v2\/pages\/2303\/revisions"}],"predecessor-version":[{"id":2332,"href":"https:\/\/derschmiedhof.de\/de\/wp-json\/wp\/v2\/pages\/2303\/revisions\/2332"}],"wp:attachment":[{"href":"https:\/\/derschmiedhof.de\/de\/wp-json\/wp\/v2\/media?parent=2303"}],"curies":[{"name":"wp","href":"https:\/\/api.w.org\/{rel}","templated":true}]}}