{"id":48,"date":"2025-02-10T13:59:00","date_gmt":"2025-02-10T12:59:00","guid":{"rendered":"http:\/\/flatsome.dev\/?page_id=6996"},"modified":"2026-04-09T13:48:20","modified_gmt":"2026-04-09T11:48:20","slug":"service","status":"publish","type":"page","link":"https:\/\/derschmiedhof.de\/de\/service\/","title":{"rendered":"Service"},"content":{"rendered":"\n\n  <div class=\"banner has-hover\" id=\"banner-94042294\">\n          <div class=\"banner-inner fill\">\n        <div class=\"banner-bg fill\" >\n            <img loading=\"lazy\" decoding=\"async\" width=\"1715\" height=\"2560\" src=\"https:\/\/derschmiedhof.de\/wp-content\/uploads\/2025\/12\/MH_DerSchmiedhof_Lounge_\u00a9MelaHipp5-scaled.jpg\" class=\"bg attachment-original size-original\" alt=\"\" \/>                        <div class=\"overlay\"><\/div>            \n                    <\/div>\n\t\t\n        <div class=\"banner-layers container\">\n            <div class=\"fill banner-link\"><\/div>            \n\n   <div id=\"text-box-824279808\" class=\"text-box banner-layer x95 md-x95 lg-x85 y100 md-y95 lg-y85 res-text\">\n                                <div class=\"text-box-content text dark text-shadow-1\">\n              \n              <div class=\"text-inner text-center\">\n                  \n\n\t<div id=\"text-3940287531\" class=\"text\">\n\t\t\n\n<h1 class=\"alt-font\" style=\"text-align: right;\"><span style=\"font-size: 400%;\"><span style=\"font-family: hagia;\" data-line-height=\"xs\">Service<\/span><strong><br \/><\/strong><\/span><\/h1>\n\t\t\n<style>\n#text-3940287531 {\n  text-align: left;\n}\n<\/style>\n\t<\/div>\n\t\n\n              <\/div>\n           <\/div>\n                            \n<style>\n#text-box-824279808 {\n  width: 88%;\n}\n#text-box-824279808 .text-box-content {\n  font-size: 75%;\n}\n@media (min-width:550px) {\n  #text-box-824279808 {\n    width: 70%;\n  }\n  #text-box-824279808 .text-box-content {\n    font-size: 100%;\n  }\n}\n@media (min-width:850px) {\n  #text-box-824279808 {\n    width: 55%;\n  }\n}\n<\/style>\n    <\/div>\n \n\n        <\/div>\n      <\/div>\n\n            \n<style>\n#banner-94042294 {\n  padding-top: 249px;\n  background-color: rgb(255, 255, 255);\n}\n#banner-94042294 .overlay {\n  background-color: rgba(0, 0, 0, 0);\n}\n#banner-94042294 .banner-bg img {\n  object-position: 4% 57%;\n}\n@media (min-width:550px) {\n  #banner-94042294 {\n    padding-top: 490px;\n  }\n}\n@media (min-width:850px) {\n  #banner-94042294 {\n    padding-top: 611px;\n  }\n}\n<\/style>\n  <\/div>\n\n\n\t<div id=\"gap-404748948\" class=\"gap-element clearfix\" style=\"display:block; height:auto;\">\n\t\t\n<style>\n#gap-404748948 {\n  padding-top: 30px;\n}\n<\/style>\n\t<\/div>\n\t\n\n\t<div id=\"gap-1080186601\" class=\"gap-element clearfix\" style=\"display:block; height:auto;\">\n\t\t\n<style>\n#gap-1080186601 {\n  padding-top: 19px;\n}\n@media (min-width:850px) {\n  #gap-1080186601 {\n    padding-top: 55px;\n  }\n}\n<\/style>\n\t<\/div>\n\t\n\n<div class=\"row\"  id=\"row-33397810\">\n\n\n\t<div id=\"col-1812977552\" class=\"col medium-6 small-12 large-6\"  >\n\t\t\t\t<div class=\"col-inner\"  >\n\t\t\t\n\t\t\t\n\n\t<div id=\"text-701519251\" class=\"text\">\n\t\t\n\n<p><span style=\"font-size: 90%;\">Neben Ihrer privaten Ferienwohnung stehen Ihnen unser Garten mit Liegewiese sowie unsere l\u00e4ssige Schmiedhof-Lounge zur Verf\u00fcgung. Genie\u00dfen Sie die stimmungsvolle Atmosph\u00e4re am knisternden Lagerfeuer mit herrlichen Blick auf den Wendelstein oder machen Sie es sich drinnen gem\u00fctlich. Vielleicht kommen Sie an unserem gro\u00dfen urigen Tisch mit dem ein oder anderen Gast ins Gespr\u00e4ch oder Sie lesen ein gutes Buch in einem unserer kuscheligen H\u00e4ngesessel.\u00a0<\/span><span style=\"font-size: 90%;\"><br \/><br \/><\/span><\/p>\n\t\t\n<style>\n#text-701519251 {\n  font-size: 0.75rem;\n}\n@media (min-width:550px) {\n  #text-701519251 {\n    font-size: 1rem;\n  }\n}\n<\/style>\n\t<\/div>\n\t\n\t<div id=\"gap-54692831\" class=\"gap-element clearfix\" style=\"display:block; height:auto;\">\n\t\t\n<style>\n#gap-54692831 {\n  padding-top: 30px;\n}\n<\/style>\n\t<\/div>\n\t\n\n\n  <div class=\"banner has-hover\" id=\"banner-661018075\">\n          <div class=\"banner-inner fill\">\n        <div class=\"banner-bg fill\" >\n            <img loading=\"lazy\" decoding=\"async\" width=\"1000\" height=\"563\" src=\"https:\/\/derschmiedhof.de\/wp-content\/uploads\/2022\/06\/Feurerring_2low.jpg\" class=\"bg attachment-large size-large\" alt=\"Feuerring Video\" \/>                        <div class=\"overlay\"><\/div>            \n                    <\/div>\n\t\t\n        <div class=\"banner-layers container\">\n            <a class=\"fill\" href=\"https:\/\/www.feuerring.ch\/feuerring-das-original\" target=\"_blank\" rel=\"noopener\"><div class=\"fill banner-link\"><\/div><\/a>            \n\n   <div id=\"text-box-883034751\" class=\"text-box banner-layer x5 md-x5 lg-x5 y35 md-y35 lg-y35 res-text\">\n                                <div class=\"text-box-content text dark\">\n              \n              <div class=\"text-inner text-center\">\n                  \n\n<h3 class=\"uppercase\">Feuerring<\/h3>\n<a href=\"https:\/\/www.feuerring.ch\/feuerring-das-original\" target=\"_blank\" class=\"button white is-outline\" rel=\"noopener\" >\n\t\t<span>INFO<\/span>\n\t<\/a>\n\n\n\n              <\/div>\n           <\/div>\n                            \n<style>\n#text-box-883034751 {\n  width: 60%;\n}\n#text-box-883034751 .text-box-content {\n  font-size: 100%;\n}\n@media (min-width:550px) {\n  #text-box-883034751 {\n    width: 40%;\n  }\n}\n<\/style>\n    <\/div>\n \n\n        <\/div>\n      <\/div>\n\n            \n<style>\n#banner-661018075 {\n  padding-top: 346px;\n}\n#banner-661018075 .overlay {\n  background-color: rgba(0, 0, 0, 0);\n}\n<\/style>\n  <\/div>\n\n\n\n\t\t<\/div>\n\t\t\t\t\t<\/div>\n\n\t\n\n\t<div id=\"col-239105573\" class=\"col medium-6 small-12 large-6\"  >\n\t\t\t\t<div class=\"col-inner\"  >\n\t\t\t\n\t\t\t\n\n\t<div id=\"text-3391258993\" class=\"text\">\n\t\t\n\n<p><strong>Unsere Services, die ihren Aufenthalt so komfortabel und angenehm wie m\u00f6glich gestalten:<br \/><\/strong><\/p>\n<hr \/>\n<ul>\n<li><span style=\"font-size: 90%;\">Pers\u00f6nliche Betreuung bei An- und Abreise<\/span><\/li>\n<li><span style=\"font-size: 90%;\">Kostenlose Parkpl\u00e4tze (auch Tiefgarage m\u00f6glich)<\/span><\/li>\n<li><span style=\"font-size: 90%;\">Zwei Ladestationen f\u00fcr E-Autos*<\/span><\/li>\n<li><span style=\"font-size: 90%;\">Kostenloses WLAN<\/span><\/li>\n<li><span style=\"font-size: 90%;\">Br\u00f6tchenservice*<\/span><\/li>\n<li><span style=\"font-size: 90%;\">Fr\u00fchst\u00fccksbuffet im Nachbarhotel*<\/span><\/li>\n<li><span style=\"font-size: 90%;\">Kr\u00e4uterbeet zur Selbstbedienung<\/span><\/li>\n<li><span style=\"font-size: 90%;\">Einkaufsm\u00f6glichkeiten nur 5 km entfernt<\/span><\/li>\n<li><span style=\"font-size: 90%;\">Sauna, Fitnessraum und beheiztes 25 m Schwimmbecken in 5 km Entfernung*<\/span><\/li>\n<li><span style=\"font-size: 90%;\">Abgeschlossener Rad- und Skikeller<\/span><\/li>\n<li><span style=\"font-size: 90%;\">Ladem\u00f6glichkeit f\u00fcr E-Bikes<\/span><\/li>\n<li><span style=\"font-size: 90%;\">Private Nutzung des Feuerrings &#8211; nach Absprache*<br \/><\/span><\/li>\n<li><span style=\"font-size: 90%;\">Private Nutzung der Outdoork\u00fcche &#8211; nach Absprache*<\/span><\/li>\n<li><span style=\"font-size: 90%;\">Endreinigung inklusive<\/span><\/li>\n<li><span style=\"font-size: 90%;\">Shuttle-Service von und zum Bahnhof Geitau &#8211; nach Absprache<\/span><\/li>\n<\/ul>\n<p><span style=\"font-size: 80%;\">*gegen Geb\u00fchr und nach Verf\u00fcgbarkeit<\/span><\/p>\n\t\t\n<style>\n#text-3391258993 {\n  font-size: 0.75rem;\n}\n@media (min-width:550px) {\n  #text-3391258993 {\n    font-size: 0.9rem;\n  }\n}\n@media (min-width:850px) {\n  #text-3391258993 {\n    font-size: 1rem;\n  }\n}\n<\/style>\n\t<\/div>\n\t\n\n\t\t<\/div>\n\t\t\t\t\t<\/div>\n\n\t\n\n<\/div>\n\t<div id=\"text-2920959509\" class=\"text\">\n\t\t\n\n<div id=\"apartmentIframeAll\"><script type=\"text\/javascript\" src=\"https:\/\/login.smoobu.com\/js\/Settings\/BookingToolIframe.js\"><\/script><\/div>\n\t\t\n<style>\n#text-2920959509 {\n  text-align: center;\n}\n<\/style>\n\t<\/div>\n\t\n\n","protected":false},"excerpt":{"rendered":"","protected":false},"author":1,"featured_media":12,"parent":0,"menu_order":5,"comment_status":"closed","ping_status":"closed","template":"page-blank.php","meta":{"_acf_changed":false,"footnotes":""},"class_list":["post-48","page","type-page","status-publish","has-post-thumbnail","hentry"],"acf":[],"_links":{"self":[{"href":"https:\/\/derschmiedhof.de\/de\/wp-json\/wp\/v2\/pages\/48","targetHints":{"allow":["GET"]}}],"collection":[{"href":"https:\/\/derschmiedhof.de\/de\/wp-json\/wp\/v2\/pages"}],"about":[{"href":"https:\/\/derschmiedhof.de\/de\/wp-json\/wp\/v2\/types\/page"}],"author":[{"embeddable":true,"href":"https:\/\/derschmiedhof.de\/de\/wp-json\/wp\/v2\/users\/1"}],"replies":[{"embeddable":true,"href":"https:\/\/derschmiedhof.de\/de\/wp-json\/wp\/v2\/comments?post=48"}],"version-history":[{"count":9,"href":"https:\/\/derschmiedhof.de\/de\/wp-json\/wp\/v2\/pages\/48\/revisions"}],"predecessor-version":[{"id":2453,"href":"https:\/\/derschmiedhof.de\/de\/wp-json\/wp\/v2\/pages\/48\/revisions\/2453"}],"wp:featuredmedia":[{"embeddable":true,"href":"https:\/\/derschmiedhof.de\/de\/wp-json\/wp\/v2\/media\/12"}],"wp:attachment":[{"href":"https:\/\/derschmiedhof.de\/de\/wp-json\/wp\/v2\/media?parent=48"}],"curies":[{"name":"wp","href":"https:\/\/api.w.org\/{rel}","templated":true}]}}