{"id":70,"date":"2025-02-05T19:43:00","date_gmt":"2025-02-05T18:43:00","guid":{"rendered":"http:\/\/localhost:8888\/flatsome-next\/?page_id=3021"},"modified":"2026-04-09T13:41:35","modified_gmt":"2026-04-09T11:41:35","slug":"aktivitaeten","status":"publish","type":"page","link":"https:\/\/derschmiedhof.de\/de\/aktivitaeten\/","title":{"rendered":"Aktivit\u00e4ten"},"content":{"rendered":"\n\n  <div class=\"banner has-hover\" id=\"banner-1980309163\">\n          <div class=\"banner-inner fill\">\n        <div class=\"banner-bg fill\" >\n            <img loading=\"lazy\" decoding=\"async\" width=\"1419\" height=\"1215\" src=\"https:\/\/derschmiedhof.de\/wp-content\/uploads\/2021\/06\/03_Haus.jpg\" class=\"bg attachment-original size-original\" alt=\"\" \/>                        <div class=\"overlay\"><\/div>            \n                    <\/div>\n\t\t\n        <div class=\"banner-layers container\">\n            <div class=\"fill banner-link\"><\/div>            \n\n   <div id=\"text-box-16447400\" class=\"text-box banner-layer x50 md-x5 lg-x50 y50 md-y50 lg-y85 res-text\">\n                                <div class=\"text-box-content text dark\">\n              \n              <div class=\"text-inner text-center\">\n                  \n\n<h1 class=\"alt-font\"><span style=\"font-size: 300%; font-family: palace;\"><span style=\"font-family: hagia;\">Aktivit\u00e4ten<\/span><\/span><\/h1>\n\n              <\/div>\n           <\/div>\n                            \n<style>\n#text-box-16447400 {\n  width: 97%;\n}\n#text-box-16447400 .text-box-content {\n  font-size: 61%;\n}\n@media (min-width:550px) {\n  #text-box-16447400 {\n    width: 71%;\n  }\n  #text-box-16447400 .text-box-content {\n    font-size: 100%;\n  }\n}\n<\/style>\n    <\/div>\n \n\n        <\/div>\n      <\/div>\n\n            \n<style>\n#banner-1980309163 {\n  padding-top: 270px;\n  background-color: rgb(255, 255, 255);\n}\n#banner-1980309163 .overlay {\n  background-color: rgba(0, 0, 0, 0.06);\n}\n#banner-1980309163 .banner-bg img {\n  object-position: 52% 13%;\n}\n@media (min-width:550px) {\n  #banner-1980309163 {\n    padding-top: 608px;\n  }\n}\n@media (min-width:850px) {\n  #banner-1980309163 {\n    padding-top: 610px;\n  }\n}\n<\/style>\n  <\/div>\n\n\n\t<div id=\"gap-258764521\" class=\"gap-element clearfix\" style=\"display:block; height:auto;\">\n\t\t\n<style>\n#gap-258764521 {\n  padding-top: 30px;\n}\n<\/style>\n\t<\/div>\n\t\n\n\t<div id=\"gap-1368852810\" class=\"gap-element clearfix\" style=\"display:block; height:auto;\">\n\t\t\n<style>\n#gap-1368852810 {\n  padding-top: 4px;\n}\n@media (min-width:550px) {\n  #gap-1368852810 {\n    padding-top: 39px;\n  }\n}\n<\/style>\n\t<\/div>\n\t\n\n<div class=\"row row-large\"  id=\"row-960054511\">\n\n\n\t<div id=\"col-187869395\" class=\"col medium-4 small-12 large-4\"  >\n\t\t\t\t<div class=\"col-inner\"  >\n\t\t\t\n\t\t\t\n\n\t<div id=\"text-671425092\" class=\"text\">\n\t\t\n\n<p><span style=\"font-size: 115%;\"><strong>Egal zu welcher Jahreszeit: <br \/>Geitau ist der ideale Ausgangspunkt f\u00fcr die unterschiedlichsten Aktivit\u00e4ten:<\/strong><\/span><\/p>\n<hr \/>\n<p><strong><span style=\"font-size: 110%;\"><br \/>Wander-, Ski-, Langlauf- oder Radtouren<\/span><\/strong><\/p>\n<p><span style=\"font-size: 90%;\">Starten Sie direkt von unserem Schmiedhof aus Touren \u2013 auch Ihr Auto hat mal eine Auszeit verdient! <br \/><\/span><span style=\"font-size: 90%;\">F\u00fcr weiter entfernte Ziele k\u00f6nnen Sie den Wander- und Skibus nutzen, der direkt vor unserem Hof startet.<strong><br \/><\/strong><\/span><\/p>\n<p><span style=\"font-size: 110%;\"><strong>Ateliernachmittage <\/strong><\/span><\/p>\n<p><span style=\"font-size: 90%;\">jeden Dienstag und Donnerstag im<span style=\"color: #e14d43;\"> <a style=\"color: #e14d43;\" href=\"https:\/\/www.atelier44-bayrischzell.de\/\" target=\"_blank\" rel=\"noopener\"><strong><span style=\"color: #9e6309;\">Atelier 44<\/span><\/strong><\/a><\/span><br \/>Tannerhofstr. 44 \u00b7 83735 Bayrischzell<\/span><span style=\"font-size: 90%;\"><br \/>Tel. 08023 429<\/span><\/p>\n<p><span style=\"font-size: 110%;\"><strong>Pferdekutschfahrt<\/strong><\/span><\/p>\n<p><span style=\"font-size: 90%;\">Buchungen unter 08023 1624 Martin Storr Senior.<\/span><\/p>\n\t\t\n<style>\n#text-671425092 {\n  font-size: 0.75rem;\n}\n@media (min-width:550px) {\n  #text-671425092 {\n    font-size: 1rem;\n  }\n}\n<\/style>\n\t<\/div>\n\t\n\n  <div class=\"banner has-hover\" id=\"banner-1487337264\">\n          <div class=\"banner-inner fill\">\n        <div class=\"banner-bg fill\" >\n                                    <div class=\"overlay\"><\/div>            \n                    <\/div>\n\t\t\n        <div class=\"banner-layers container\">\n            <div class=\"fill banner-link\"><\/div>            \n\n   <div id=\"text-box-1984244621\" class=\"text-box banner-layer text-box-circle x5 md-x5 lg-x5 y50 md-y50 lg-y50 res-text\">\n                                <div class=\"text-box-content text box-shadow-3 dark\">\n              \n              <div class=\"text-inner text-center\">\n                  \n\n\t<div id=\"text-330556760\" class=\"text\">\n\t\t\n\n<p style=\"text-align: center;\" data-line-height=\"xs\"><span style=\"font-size: 80%;\"><a href=\"https:\/\/www.instagram.com\/der_schmiedhof\/\" target=\"_blank\" rel=\"noopener\">ANGEBOT<\/a><\/span><\/p>\n<h3 class=\"alt-font\" style=\"text-align: center;\" data-line-height=\"xs\"><a href=\"https:\/\/www.instagram.com\/der_schmiedhof\/\" target=\"_blank\" rel=\"noopener\"><span style=\"font-family: Roboto Condensed; font-size: 200%;\"><strong><span style=\"font-family: Book Antiqua, Palatino;\"><span style=\"font-size: 90%;\">Retreats<\/span><\/span><\/strong><\/span><\/a><\/h3>\n<h5 class=\"uppercase\" style=\"text-align: center;\" data-line-height=\"m\"><strong><a href=\"https:\/\/www.instagram.com\/der_schmiedhof\/\" target=\"_blank\" rel=\"noopener\">INFOS AUF <br \/>INSTAGRAM\/FACEBOOK<\/a><\/strong><\/h5>\n\t\t\n<style>\n#text-330556760 {\n  font-size: 0.75rem;\n  text-align: left;\n}\n@media (min-width:550px) {\n  #text-330556760 {\n    font-size: 0.8rem;\n  }\n}\n@media (min-width:850px) {\n  #text-330556760 {\n    font-size: 0.75rem;\n  }\n}\n<\/style>\n\t<\/div>\n\t\n\n              <\/div>\n           <\/div>\n                            \n<style>\n#text-box-1984244621 .text-box-content {\n  background-color: rgba(52, 52, 52, 0.86);\n  font-size: 158%;\n}\n#text-box-1984244621 .text-inner {\n  padding: 0px 0px 0px 0px;\n}\n#text-box-1984244621 {\n  width: 59%;\n}\n@media (min-width:550px) {\n  #text-box-1984244621 {\n    width: 82%;\n  }\n  #text-box-1984244621 .text-box-content {\n    font-size: 162%;\n  }\n}\n@media (min-width:850px) {\n  #text-box-1984244621 {\n    width: 62%;\n  }\n}\n<\/style>\n    <\/div>\n \n\n        <\/div>\n      <\/div>\n\n            \n<style>\n#banner-1487337264 {\n  padding-top: 263px;\n  background-color: rgb(255, 255, 255);\n}\n#banner-1487337264 .overlay {\n  background-color: rgba(0, 0, 0, 0);\n}\n@media (min-width:550px) {\n  #banner-1487337264 {\n    padding-top: 234px;\n  }\n}\n<\/style>\n  <\/div>\n\n\n\n\t\t<\/div>\n\t\t\t\t\t<\/div>\n\n\t\n\n\t<div id=\"col-1398191305\" class=\"col medium-8 small-12 large-8\"  >\n\t\t\t\t<div class=\"col-inner\"  >\n\t\t\t\n\t\t\t\n\n\t<div id=\"text-1685917065\" class=\"text\">\n\t\t\n\n<p><span style=\"font-size: 90%;\">Wir haben f\u00fcr Sie s\u00e4mtliche Ausflugsziele und Routen gesammelt und in einem Guide zusammengefasst, der im Haus f\u00fcr Sie bereit liegt.<br><\/span><br><br><\/p>\n<p><span style=\"font-family: hagia; font-size: 300%;\" data-line-height=\"s\">Jetzt hei\u00dft es nur noch: <br>ankommen und wohlf\u00fchlen!<\/span><\/p>\n\t\t\n<style>\n#text-1685917065 {\n  font-size: 0.75rem;\n}\n@media (min-width:550px) {\n  #text-1685917065 {\n    font-size: 1rem;\n  }\n}\n<\/style>\n\t<\/div>\n\t\n\t<div id=\"gap-1126559555\" class=\"gap-element clearfix\" style=\"display:block; height:auto;\">\n\t\t\n<style>\n#gap-1126559555 {\n  padding-top: 30px;\n}\n<\/style>\n\t<\/div>\n\t\n\n\t<div class=\"img has-hover x md-x lg-x y md-y lg-y\" id=\"image_1888313348\">\n\t\t<a class=\"image-lightbox lightbox-gallery\" title=\"\" href=\"https:\/\/derschmiedhof.de\/wp-content\/uploads\/2021\/06\/Umgebung1.jpg\">\t\t\t\t\t\t<div class=\"img-inner dark\" >\n\t\t\t<img loading=\"lazy\" decoding=\"async\" width=\"1020\" height=\"684\" src=\"https:\/\/derschmiedhof.de\/wp-content\/uploads\/2021\/06\/Umgebung1-1193x800.jpg\" class=\"attachment-large size-large\" alt=\"\" srcset=\"https:\/\/derschmiedhof.de\/wp-content\/uploads\/2021\/06\/Umgebung1-1193x800.jpg 1193w, https:\/\/derschmiedhof.de\/wp-content\/uploads\/2021\/06\/Umgebung1-597x400.jpg 597w, https:\/\/derschmiedhof.de\/wp-content\/uploads\/2021\/06\/Umgebung1-768x515.jpg 768w, https:\/\/derschmiedhof.de\/wp-content\/uploads\/2021\/06\/Umgebung1-1536x1030.jpg 1536w, https:\/\/derschmiedhof.de\/wp-content\/uploads\/2021\/06\/Umgebung1.jpg 2000w\" sizes=\"auto, (max-width: 1020px) 100vw, 1020px\" \/>\t\t\t\t\t\t\n\t\t\t\t\t<\/div>\n\t\t\t\t\t\t<\/a>\t\t\n<style>\n#image_1888313348 {\n  width: 100%;\n}\n<\/style>\n\t<\/div>\n\t\n\n\t<div id=\"gap-1804621734\" class=\"gap-element clearfix\" style=\"display:block; height:auto;\">\n\t\t\n<style>\n#gap-1804621734 {\n  padding-top: 30px;\n}\n<\/style>\n\t<\/div>\n\t\n\n\n<a href=\"https:\/\/www.meteoblue.com\/de\/wetter\/woche\/bayrischzell_deutschland_2951824?utm_source=weather_widget&#038;utm_medium=linkus&#038;utm_content=three&#038;utm_campaign=Weather%2BWidget\" target=\"_blank\" class=\"button success is-outline\" rel=\"noopener\" style=\"border-radius:10px;\">\n\t\t<span>Das Wetter<\/span>\n\t<\/a>\n\n\n\n\t\t<\/div>\n\t\t\t\t\t<\/div>\n\n\t\n\n<\/div>\n\n","protected":false},"excerpt":{"rendered":"","protected":false},"author":1,"featured_media":0,"parent":0,"menu_order":6,"comment_status":"closed","ping_status":"closed","template":"page-blank.php","meta":{"_acf_changed":false,"footnotes":""},"class_list":["post-70","page","type-page","status-publish","hentry"],"acf":[],"_links":{"self":[{"href":"https:\/\/derschmiedhof.de\/de\/wp-json\/wp\/v2\/pages\/70","targetHints":{"allow":["GET"]}}],"collection":[{"href":"https:\/\/derschmiedhof.de\/de\/wp-json\/wp\/v2\/pages"}],"about":[{"href":"https:\/\/derschmiedhof.de\/de\/wp-json\/wp\/v2\/types\/page"}],"author":[{"embeddable":true,"href":"https:\/\/derschmiedhof.de\/de\/wp-json\/wp\/v2\/users\/1"}],"replies":[{"embeddable":true,"href":"https:\/\/derschmiedhof.de\/de\/wp-json\/wp\/v2\/comments?post=70"}],"version-history":[{"count":13,"href":"https:\/\/derschmiedhof.de\/de\/wp-json\/wp\/v2\/pages\/70\/revisions"}],"predecessor-version":[{"id":2444,"href":"https:\/\/derschmiedhof.de\/de\/wp-json\/wp\/v2\/pages\/70\/revisions\/2444"}],"wp:attachment":[{"href":"https:\/\/derschmiedhof.de\/de\/wp-json\/wp\/v2\/media?parent=70"}],"curies":[{"name":"wp","href":"https:\/\/api.w.org\/{rel}","templated":true}]}}