{"id":2049,"date":"2025-02-15T15:09:06","date_gmt":"2025-02-15T14:09:06","guid":{"rendered":"https:\/\/derschmiedhof.de\/story\/"},"modified":"2026-04-15T15:13:29","modified_gmt":"2026-04-15T13:13:29","slug":"story","status":"publish","type":"page","link":"https:\/\/derschmiedhof.de\/en\/story\/","title":{"rendered":"Story"},"content":{"rendered":"\n<div class=\"row\"  id=\"row-1263618131\">\n\n\n\t<div id=\"col-1281686942\" class=\"col small-12 large-12\"  >\n\t\t\t\t<div class=\"col-inner\"  >\n\t\t\t\n\t\t\t\n\n\t<div id=\"gap-879697592\" class=\"gap-element clearfix\" style=\"display:block; height:auto;\">\n\t\t\n<style>\n#gap-879697592 {\n  padding-top: 47px;\n}\n<\/style>\n\t<\/div>\n\t\n\n<div class=\"row\"  id=\"row-1397372651\">\n\n\n\t<div id=\"col-503754961\" class=\"col medium-6 small-12 large-6\"  >\n\t\t\t\t<div class=\"col-inner\"  >\n\t\t\t\n\t\t\t\n\n\t<div class=\"img has-hover x md-x lg-x y md-y lg-y\" id=\"image_316966261\">\n\t\t\t\t\t\t\t\t<div class=\"img-inner dark\" >\n\t\t\t<img loading=\"lazy\" decoding=\"async\" width=\"501\" height=\"709\" src=\"https:\/\/derschmiedhof.de\/wp-content\/uploads\/2026\/04\/D4A1187-e1775726457267.jpg\" class=\"attachment-original size-original\" alt=\"\" \/>\t\t\t\t\t\t\n\t\t\t\t\t<\/div>\n\t\t\t\t\t\t\t\t\n<style>\n#image_316966261 {\n  width: 100%;\n}\n<\/style>\n\t<\/div>\n\t\n\n\n\t\t<\/div>\n\t\t\t\t\t<\/div>\n\n\t\n\n\t<div id=\"col-1692448599\" class=\"col medium-6 small-12 large-6\"  >\n\t\t\t\t<div class=\"col-inner\"  >\n\t\t\t\n\t\t\t\n\n\t<div id=\"gap-793040168\" class=\"gap-element clearfix\" style=\"display:block; height:auto;\">\n\t\t\n<style>\n#gap-793040168 {\n  padding-top: 9px;\n}\n@media (min-width:550px) {\n  #gap-793040168 {\n    padding-top: 43px;\n  }\n}\n<\/style>\n\t<\/div>\n\t\n\n\t<div id=\"text-1846219648\" class=\"text\">\n\t\t\n\n<h1 style=\"text-align: center;\"><span style=\"font-family: hagia; font-size: 250%;\" data-line-height=\"s\">Die Story<\/span><\/h1>\n<p style=\"text-align: center;\"><span style=\"font-size: 90%;\">Schon seit vielen Jahren hatte ich die Sehnsucht, ein altes Bauernhaus wieder zum Leben zu erwecken. Es sollte unser Zuhause werden und gleichzeitig Urlaubsadresse f\u00fcr Naturliebhaber. Bergblick sollte es haben und eine wundersch\u00f6ne Lage. Und dann f\u00fchrte mich der Zufall 2018 nach Geitau. <br \/>Es war Liebe auf den ersten Blick! <\/span><\/p>\n<p style=\"text-align: center;\"><span style=\"font-size: 90%;\">Zu meiner gro\u00dfen \u00dcberraschung stand der geschichtstr\u00e4chtige Hof mitten im Dorfkern tats\u00e4chlich zum Verkauf &#8211; die ehemalige Nagelschmiede. F\u00fcr uns \u201eSchmieds&#8221; ein eindeutiger Wink des Schicksals! Und so begann eine wunderbare Liebesgeschichte&#8230;<\/span><\/p>\n<p style=\"text-align: center;\"><span style=\"font-size: 90%;\">In nur 24 Monaten haben wir den Schmiedhof mit der Unterst\u00fctzung von Familie, Freunden und lokalen Handwerksbetrieben aus dem Dornr\u00f6schenschlaf erweckt: Der ehemalige Wirtschaftstrakt wurde abgerissen, vollst\u00e4ndig mit Tiefgarage unterkellert und mit dem Altholz aus dem Abrissteil wieder neu aufgebaut. Der denkmalgesch\u00fctzte Wohnteil des Hofes wurde liebevoll restauriert und die Au\u00dfenanlagen komplett neu gestaltet. <\/span><\/p>\n<p style=\"text-align: center;\"><span style=\"font-size: 90%;\">Ich habe meine ganze Leidenschaft und all mein Herzblut in diesen Lebenstraum gesteckt und hoffe, dass Sie sich im Schmiedhof wohlf\u00fchlen!<\/span><\/p>\n<p style=\"text-align: center;\">Herzlich willkommen,<\/p>\n<p style=\"text-align: center;\"><span style=\"font-size: 250%; font-family: hagia;\">Brigitte Schmied<\/span><\/p>\n\t\t\n<style>\n#text-1846219648 {\n  font-size: 0.75rem;\n}\n@media (min-width:550px) {\n  #text-1846219648 {\n    font-size: 0.75rem;\n  }\n}\n@media (min-width:850px) {\n  #text-1846219648 {\n    font-size: 1rem;\n  }\n}\n<\/style>\n\t<\/div>\n\t\n\n\t\t<\/div>\n\t\t\t\t\n<style>\n#col-1692448599 > .col-inner {\n  padding: 0px 26px 0px 25px;\n}\n<\/style>\n\t<\/div>\n\n\t\n\n<\/div>\n\n\t\t<\/div>\n\t\t\t\t\t<\/div>\n\n\t\n\n<\/div>\n\n","protected":false},"excerpt":{"rendered":"","protected":false},"author":1,"featured_media":0,"parent":0,"menu_order":2,"comment_status":"closed","ping_status":"closed","template":"page-blank.php","meta":{"_acf_changed":false,"footnotes":""},"class_list":["post-2049","page","type-page","status-publish","hentry"],"acf":[],"_links":{"self":[{"href":"https:\/\/derschmiedhof.de\/en\/wp-json\/wp\/v2\/pages\/2049","targetHints":{"allow":["GET"]}}],"collection":[{"href":"https:\/\/derschmiedhof.de\/en\/wp-json\/wp\/v2\/pages"}],"about":[{"href":"https:\/\/derschmiedhof.de\/en\/wp-json\/wp\/v2\/types\/page"}],"author":[{"embeddable":true,"href":"https:\/\/derschmiedhof.de\/en\/wp-json\/wp\/v2\/users\/1"}],"replies":[{"embeddable":true,"href":"https:\/\/derschmiedhof.de\/en\/wp-json\/wp\/v2\/comments?post=2049"}],"version-history":[{"count":17,"href":"https:\/\/derschmiedhof.de\/en\/wp-json\/wp\/v2\/pages\/2049\/revisions"}],"predecessor-version":[{"id":2477,"href":"https:\/\/derschmiedhof.de\/en\/wp-json\/wp\/v2\/pages\/2049\/revisions\/2477"}],"wp:attachment":[{"href":"https:\/\/derschmiedhof.de\/en\/wp-json\/wp\/v2\/media?parent=2049"}],"curies":[{"name":"wp","href":"https:\/\/api.w.org\/{rel}","templated":true}]}}